
{"id":11571,"date":"2025-03-27T08:42:53","date_gmt":"2025-03-27T08:42:53","guid":{"rendered":"https:\/\/staging.kuchenmeister.de\/?page_id=11571"},"modified":"2025-03-27T19:53:07","modified_gmt":"2025-03-27T19:53:07","slug":"links","status":"publish","type":"page","link":"https:\/\/kuchenmeister.de\/en\/links\/","title":{"rendered":"Links"},"content":{"rendered":"<section\n\t\tid=\"\"\n\t\tclass=\"wp-block-hero-image\"\n\t>\n\n\t\t<div class=\"wp-block-hero-image__background\"><\/div>\n\n\t\t<div class=\"container\">\n\t\t\t<div>\n\t\t\t\t\n\t\t\t\t\n\t\t\t\t\t<img loading=\"lazy\" decoding=\"async\" width=\"1024\" height=\"213\" src=\"https:\/\/kuchenmeister.de\/wp-content\/uploads\/2022\/07\/Header_Teamfoto-Koala-scaled-1-1024x213.jpg\" class=\"attachment-large size-large\" alt=\"\" srcset=\"https:\/\/kuchenmeister.de\/wp-content\/uploads\/2022\/07\/Header_Teamfoto-Koala-scaled-1-1024x213.jpg 1024w, https:\/\/kuchenmeister.de\/wp-content\/uploads\/2022\/07\/Header_Teamfoto-Koala-scaled-1-300x62.jpg 300w, https:\/\/kuchenmeister.de\/wp-content\/uploads\/2022\/07\/Header_Teamfoto-Koala-scaled-1-768x160.jpg 768w, https:\/\/kuchenmeister.de\/wp-content\/uploads\/2022\/07\/Header_Teamfoto-Koala-scaled-1-1536x320.jpg 1536w, https:\/\/kuchenmeister.de\/wp-content\/uploads\/2022\/07\/Header_Teamfoto-Koala-scaled-1-2048x426.jpg 2048w, https:\/\/kuchenmeister.de\/wp-content\/uploads\/2022\/07\/Header_Teamfoto-Koala-scaled-1-872x182.jpg 872w\" sizes=\"auto, (max-width: 1024px) 100vw, 1024px\" \/>\n\t\t\t\t\t\t\t\t\n\t\t\t<\/div>\n\t\t<\/div>\n\t<\/section>\n\n\n\n\n<section class=\"wp-block-breadcrumbs\">\n\t<div class=\"container\">\n\t\t<nav role=\"navigation\" aria-label=\"Breadcrumbs\" class=\"breadcrumb-trail breadcrumbs\" itemprop=\"breadcrumb\"><ul class=\"trail-items\" itemscope itemtype=\"http:\/\/schema.org\/BreadcrumbList\"><meta name=\"numberOfItems\" content=\"1\" \/><meta name=\"itemListOrder\" content=\"Ascending\" \/><li itemprop=\"itemListElement\" itemscope itemtype=\"http:\/\/schema.org\/ListItem\" class=\"trail-item trail-end\"><a href=\"https:\/\/kuchenmeister.de\/en\/\" rel=\"home\" itemprop=\"item\"><span itemprop=\"name\">Home<\/span><\/a><meta itemprop=\"position\" content=\"1\" \/><\/li><\/ul><\/nav>\t<\/div>\n<\/section>\n\n\n<section\n\tid=\"\"\n\tclass=\"wp-block-content background-transparent align-center\"\n>\n\t\n\t<div class=\"wp-block-content__background\"><\/div>\n\n\t\n\t\t<div class=\"container-sm\">\n\t\t\t<h1>Die Links zur KuchenMeister-Welt<\/h1><p><strong>Wir leben Vielfalt in unseren Produkten und unserer Unternehmensdarstellung<br \/><\/strong><\/p><p>St\u00f6ber durch unsere verschiedenen Kan\u00e4le, Angebote und Aktionen.<\/p><p>Lasse uns gerne Likes und Kommentare da, stelle uns Fragen zu unseren Produkten und gib uns Feedback.<\/p><p>Wir freuen uns auf den Austausch mit Dir!<\/p>\t\t<\/div>\n\n\t\t\t\n\t\n\t\n<\/section>\n\n\n<div\n\tid=\"\"\n\tclass=\"wp-block-image-text background-yellow\timage-position-right\timage-size-small\talign-left\"\n>\n\n\t<div class=\"wp-block-image-text__background\"><\/div>\n\n\t<div class=\"container\">\n\n\t\t\n\t\t\t<div>\n\t\t\t\t<div class=\"swiffy-slider\">\n\t\t\t\t\t<div class=\"slider-container\">\n\n\t\t\t\t\t\t\n\t\t\t\t\t\t\t\n\t\t\t\t\t\t\t\t<img loading=\"lazy\" decoding=\"async\" width=\"768\" height=\"1024\" src=\"https:\/\/kuchenmeister.de\/wp-content\/uploads\/2024\/05\/Podcast_Teamplayer-scaled-1-768x1024.jpg\" class=\"attachment-large size-large\" alt=\"\" srcset=\"https:\/\/kuchenmeister.de\/wp-content\/uploads\/2024\/05\/Podcast_Teamplayer-scaled-1-768x1024.jpg 768w, https:\/\/kuchenmeister.de\/wp-content\/uploads\/2024\/05\/Podcast_Teamplayer-scaled-1-225x300.jpg 225w, https:\/\/kuchenmeister.de\/wp-content\/uploads\/2024\/05\/Podcast_Teamplayer-scaled-1-1152x1536.jpg 1152w, https:\/\/kuchenmeister.de\/wp-content\/uploads\/2024\/05\/Podcast_Teamplayer-scaled-1-1536x2048.jpg 1536w, https:\/\/kuchenmeister.de\/wp-content\/uploads\/2024\/05\/Podcast_Teamplayer-scaled-1-872x1163.jpg 872w, https:\/\/kuchenmeister.de\/wp-content\/uploads\/2024\/05\/Podcast_Teamplayer-scaled-1-312x416.jpg 312w, https:\/\/kuchenmeister.de\/wp-content\/uploads\/2024\/05\/Podcast_Teamplayer-scaled-1.jpg 1920w\" sizes=\"auto, (max-width: 768px) 100vw, 768px\" \/>\n\t\t\t\t\t\t\t\n\t\t\t\t\t\t\n\t\t\t\t\t<\/div>\n\n\t\t\t\t\t\n\t\t\t\t<\/div>\n\t\t\t<\/div>\n\n\t\t\t\t\n\t\t<div>\n\n\t\t\t<h2>KuchenMeister im Lopodio Podcast<\/h2>\n<p>Wir sind Teil der neuen Folge vom Lopodio Podcast. In der Episode von \u201eTeamplayer\u201c geben euch Justin Trockels, Teil der KuchenMeister Inhaberfamilie, und Celina Naumann, zust\u00e4ndig f\u00fcr Personal- und Organisationsentwicklung, einen spannenden Einblick in die Jobwelt von KuchenMeister.<\/p>\n<p><a href=\"https:\/\/lopodio-podcast.podigee.io\/42-kreis-soest-teamplayer-kuchenmeister-gmbh\" target=\"_blank\" rel=\"noopener\"><b>Hier geht es zur &#8222;Teamplayer&#8220; Folge.<\/b><\/a><\/p>\n\n\t\t\t\t\t\t\n\t\t<\/div>\n\t<\/div>\n<\/div>\n\n\n<div\n\tid=\"\"\n\tclass=\"wp-block-image-text background-transparent\timage-position-left\timage-size-small\talign-left\"\n>\n\n\t<div class=\"wp-block-image-text__background\"><\/div>\n\n\t<div class=\"container\">\n\n\t\t\n\t\t\t<div>\n\t\t\t\t<div class=\"swiffy-slider\">\n\t\t\t\t\t<div class=\"slider-container\">\n\n\t\t\t\t\t\t\n\t\t\t\t\t\t\t\n\t\t\t\t\t\t\t\t<img loading=\"lazy\" decoding=\"async\" width=\"1024\" height=\"683\" src=\"https:\/\/kuchenmeister.de\/wp-content\/uploads\/2022\/07\/Koala-Truck-auf-Landsrasse.jpg\" class=\"attachment-large size-large\" alt=\"\" srcset=\"https:\/\/kuchenmeister.de\/wp-content\/uploads\/2022\/07\/Koala-Truck-auf-Landsrasse.jpg 1024w, https:\/\/kuchenmeister.de\/wp-content\/uploads\/2022\/07\/Koala-Truck-auf-Landsrasse-300x200.jpg 300w, https:\/\/kuchenmeister.de\/wp-content\/uploads\/2022\/07\/Koala-Truck-auf-Landsrasse-768x512.jpg 768w, https:\/\/kuchenmeister.de\/wp-content\/uploads\/2022\/07\/Koala-Truck-auf-Landsrasse-872x582.jpg 872w\" sizes=\"auto, (max-width: 1024px) 100vw, 1024px\" \/>\n\t\t\t\t\t\t\t\n\t\t\t\t\t\t\n\t\t\t\t\t<\/div>\n\n\t\t\t\t\t\n\t\t\t\t<\/div>\n\t\t\t<\/div>\n\n\t\t\t\t\n\t\t<div>\n\n\t\t\t<h2>KuchenMeister auf Social Media<\/h2>\n<p>Erfahre auf unseren Social Media Accounts mehr \u00fcber unser Unternehmen, unsere Produkte, Karrierechancen oder genie\u00dfe einfach einen vielf\u00e4ltigen Einblick in die Kuchenmeister-Welt:<\/p>\n<p><a href=\"https:\/\/www.instagram.com\/kuchenmeister.de\/\" target=\"_blank\" rel=\"noopener\"><strong>Instagram<\/strong><\/a><\/p>\n<p><a href=\"https:\/\/www.facebook.com\/Kuchenmeister-108905908265160\" target=\"_blank\" rel=\"noopener\"><strong>Facebook<\/strong><\/a><\/p>\n<p><a href=\"https:\/\/www.linkedin.com\/company\/kuchenmeister-gmbh\" target=\"_blank\" rel=\"noopener\"><strong>LinkedIn<\/strong><\/a><\/p>\n<p><strong><a href=\"https:\/\/www.xing.com\/pages\/kuchenmeistergmbh\" target=\"_blank\" rel=\"noopener\">Xing<\/a><\/strong><\/p>\n<p><strong><a href=\"https:\/\/www.youtube.com\/user\/KuchenmeisterSoest\" target=\"_blank\" rel=\"noopener\">YouTube<\/a><\/strong><\/p>\n\n\t\t\t\t\t\t\n\t\t<\/div>\n\t<\/div>\n<\/div>\n\n\n<div\n\tid=\"\"\n\tclass=\"wp-block-image-text background-yellow\timage-position-right\timage-size-small\talign-left\"\n>\n\n\t<div class=\"wp-block-image-text__background\"><\/div>\n\n\t<div class=\"container\">\n\n\t\t\n\t\t\t<div>\n\t\t\t\t<div class=\"swiffy-slider\">\n\t\t\t\t\t<div class=\"slider-container\">\n\n\t\t\t\t\t\t\n\t\t\t\t\t\t\t\n\t\t\t\t\t\t\t\t<img loading=\"lazy\" decoding=\"async\" width=\"1024\" height=\"683\" src=\"https:\/\/kuchenmeister.de\/wp-content\/uploads\/2022\/07\/Verwaltung_7_web-1024x683.jpg\" class=\"attachment-large size-large\" alt=\"\" srcset=\"https:\/\/kuchenmeister.de\/wp-content\/uploads\/2022\/07\/Verwaltung_7_web-1024x683.jpg 1024w, https:\/\/kuchenmeister.de\/wp-content\/uploads\/2022\/07\/Verwaltung_7_web-300x200.jpg 300w, https:\/\/kuchenmeister.de\/wp-content\/uploads\/2022\/07\/Verwaltung_7_web-768x512.jpg 768w, https:\/\/kuchenmeister.de\/wp-content\/uploads\/2022\/07\/Verwaltung_7_web-1536x1024.jpg 1536w, https:\/\/kuchenmeister.de\/wp-content\/uploads\/2022\/07\/Verwaltung_7_web-872x582.jpg 872w, https:\/\/kuchenmeister.de\/wp-content\/uploads\/2022\/07\/Verwaltung_7_web.jpg 1600w\" sizes=\"auto, (max-width: 1024px) 100vw, 1024px\" \/>\n\t\t\t\t\t\t\t\n\t\t\t\t\t\t\n\t\t\t\t\t<\/div>\n\n\t\t\t\t\t\n\t\t\t\t<\/div>\n\t\t\t<\/div>\n\n\t\t\t\t\n\t\t<div>\n\n\t\t\t<h2>Karriere und Ausbildung bei KuchenMeister<\/h2>\n<p>Wir bei KuchenMeister backen nicht einfach nur Kuchen &#8211; wir haben auch eine eigene IT-Abteilung, eine eigene Technik-Abteilung, eine Produktentwicklung und eine moderne Verwaltung.<\/p>\n<p>Wir sind regelm\u00e4\u00dfig auf der Suche nach jungen Talenten, gut ausgebildeten Fachkr\u00e4ften, Quereinsteigern oder Aushilfen.<\/p>\n<p>Alle Stellenausschreibungen und unsere Ausbildungsangebote sind hier zu finden:<\/p>\n<p><strong><a href=\"https:\/\/kuchenmeister.de\/stellenausschreibungen\/\" target=\"_blank\" rel=\"noopener\">Stellenangebote bei KuchenMeister<\/a><\/strong><\/p>\n\n\t\t\t\t\t\t\n\t\t<\/div>\n\t<\/div>\n<\/div>\n\n\n<div\n\tid=\"\"\n\tclass=\"wp-block-image-text background-transparent\timage-position-left\timage-size-small\talign-left\"\n>\n\n\t<div class=\"wp-block-image-text__background\"><\/div>\n\n\t<div class=\"container\">\n\n\t\t\n\t\t\t<div>\n\t\t\t\t<div class=\"swiffy-slider\">\n\t\t\t\t\t<div class=\"slider-container\">\n\n\t\t\t\t\t\t\n\t\t\t\t\t\t\t\n\t\t\t\t\t\t\t\t<img loading=\"lazy\" decoding=\"async\" width=\"1024\" height=\"380\" src=\"https:\/\/kuchenmeister.de\/wp-content\/uploads\/2022\/07\/Toertchen-Schoko-scaled-1-1024x380.jpg\" class=\"attachment-large size-large\" alt=\"\" srcset=\"https:\/\/kuchenmeister.de\/wp-content\/uploads\/2022\/07\/Toertchen-Schoko-scaled-1-1024x380.jpg 1024w, https:\/\/kuchenmeister.de\/wp-content\/uploads\/2022\/07\/Toertchen-Schoko-scaled-1-300x111.jpg 300w, https:\/\/kuchenmeister.de\/wp-content\/uploads\/2022\/07\/Toertchen-Schoko-scaled-1-768x285.jpg 768w, https:\/\/kuchenmeister.de\/wp-content\/uploads\/2022\/07\/Toertchen-Schoko-scaled-1-1536x571.jpg 1536w, https:\/\/kuchenmeister.de\/wp-content\/uploads\/2022\/07\/Toertchen-Schoko-scaled-1-2048x761.jpg 2048w, https:\/\/kuchenmeister.de\/wp-content\/uploads\/2022\/07\/Toertchen-Schoko-scaled-1-872x324.jpg 872w\" sizes=\"auto, (max-width: 1024px) 100vw, 1024px\" \/>\n\t\t\t\t\t\t\t\n\t\t\t\t\t\t\n\t\t\t\t\t<\/div>\n\n\t\t\t\t\t\n\t\t\t\t<\/div>\n\t\t\t<\/div>\n\n\t\t\t\t\n\t\t<div>\n\n\t\t\t<h2>Unsere leckere Kuchenwelt<\/h2>\n<p>Come to the dark side &#8211; we have cake \ud83d\ude42<\/p>\n<p>Oder klicke dich einfach durch unsere wunderbar bunte Produktvielfalt, denn wir haben fast alles was das Herz begehrt: Von Folienkuchen \u00fcber Muffins, Waffeln, Tortenb\u00f6den, Milchbr\u00f6tchen und Osterl\u00e4mmern bis hin zu Stollen und Baumkuchen ist alles dabei.<\/p>\n<p>Hier findest du all unsere Produkte:<\/p>\n<p><a href=\"https:\/\/kuchenmeister.de\/en\/products\/\" target=\"_blank\" rel=\"noopener\"><strong>Produkt\u00fcbersicht<\/strong><\/a><\/p>\n\n\t\t\t\t\t\t\n\t\t<\/div>\n\t<\/div>\n<\/div>\n\n\n<div\n\tid=\"\"\n\tclass=\"wp-block-image-text background-yellow\timage-position-right\timage-size-small\talign-left\"\n>\n\n\t<div class=\"wp-block-image-text__background\"><\/div>\n\n\t<div class=\"container\">\n\n\t\t\n\t\t\t<div>\n\t\t\t\t<div class=\"swiffy-slider\">\n\t\t\t\t\t<div class=\"slider-container\">\n\n\t\t\t\t\t\t\n\t\t\t\t\t\t\t\n\t\t\t\t\t\t\t\t<img loading=\"lazy\" decoding=\"async\" width=\"1024\" height=\"768\" src=\"https:\/\/kuchenmeister.de\/wp-content\/uploads\/2023\/09\/IMG_0768-scaled-1-1024x768.jpg\" class=\"attachment-large size-large\" alt=\"\" srcset=\"https:\/\/kuchenmeister.de\/wp-content\/uploads\/2023\/09\/IMG_0768-scaled-1-1024x768.jpg 1024w, https:\/\/kuchenmeister.de\/wp-content\/uploads\/2023\/09\/IMG_0768-scaled-1-300x225.jpg 300w, https:\/\/kuchenmeister.de\/wp-content\/uploads\/2023\/09\/IMG_0768-scaled-1-768x576.jpg 768w, https:\/\/kuchenmeister.de\/wp-content\/uploads\/2023\/09\/IMG_0768-scaled-1-1536x1152.jpg 1536w, https:\/\/kuchenmeister.de\/wp-content\/uploads\/2023\/09\/IMG_0768-scaled-1-2048x1536.jpg 2048w, https:\/\/kuchenmeister.de\/wp-content\/uploads\/2023\/09\/IMG_0768-scaled-1-872x654.jpg 872w\" sizes=\"auto, (max-width: 1024px) 100vw, 1024px\" \/>\n\t\t\t\t\t\t\t\n\t\t\t\t\t\t\n\t\t\t\t\t<\/div>\n\n\t\t\t\t\t\n\t\t\t\t<\/div>\n\t\t\t<\/div>\n\n\t\t\t\t\n\t\t<div>\n\n\t\t\t<h2>KuchenMeister bei Galileo<\/h2>\n<p><span class=\"_aacl _aaco _aacu _aacx _aad7 _aade\">KuchenMeister ist Teil der Galileo-Serie &#8222;Masse mit Klasse&#8220;.\u00a0<\/span><\/p>\n<p>In dem Beitrag k\u00f6nnt ihr einen spannenden Blick hinter die Kulissen unserer Marmorkuchen-Produktion werfen.<\/p>\n<p><span class=\"_aacl _aaco _aacu _aacx _aad7 _aade\"><a href=\"https:\/\/www.prosieben.de\/serien\/galileo\/videos\/galileo-marmorkuchen-fuer-2-50-oder-10-meisterbaecker-vs-lebensmittelindustrie-v_cege8psucveg\" target=\"_blank\" rel=\"noopener\"><strong>Zum Beitrag<\/strong><\/a><\/span><\/p>\n\n\t\t\t\t\t\t\n\t\t<\/div>\n\t<\/div>\n<\/div>\n\n\n<section\n\tid=\"\"\n\tclass=\"wp-block-content background-transparent align-center\"\n>\n\t\n\t<div class=\"wp-block-content__background\"><\/div>\n\n\t\n\t\t<div class=\"container-sm\">\n\t\t\t<h2>News \/ Presse<\/h2><p>Wir bei KuchenMeister haben verbinden Innovation und Tradition.<\/p><p>Lass dich in unserem Pressebereich von unserer Vielfalt \u00fcberzeugen.<\/p><p>Du hast eine Kooperations- oder Presseanfrage? Dann helfen wir dir hier weiter.<\/p>\t\t<\/div>\n\n\t\t\t\n\t\n\t\n\t\t<div class=\"container-sm\">\n\t\t\t<div class=\"wp-block-button is-style-primary\">\n\t\t\t\t<a\n                    href=\"https:\/\/kuchenmeister.de\/en\/aktuelles\/\"\n                    target=\"_self\"\n                    class=\"wp-block-button__link wp-element-button\"\n                >\n                        Zum Pressebereich                <\/a>\n\t\t\t<\/div>\n\t\t<\/div>\n\n\t\n<\/section>","protected":false},"excerpt":{"rendered":"","protected":false},"author":1,"featured_media":0,"parent":0,"menu_order":0,"comment_status":"closed","ping_status":"closed","template":"","meta":{"editor_notices":[],"footnotes":""},"class_list":["post-11571","page","type-page","status-publish","hentry"],"yoast_head":"<!-- This site is optimized with the Yoast SEO plugin v26.7 - https:\/\/yoast.com\/wordpress\/plugins\/seo\/ -->\n<title>Links - KuchenMeister<\/title>\n<meta name=\"robots\" content=\"index, follow, max-snippet:-1, max-image-preview:large, max-video-preview:-1\" \/>\n<link rel=\"canonical\" href=\"https:\/\/kuchenmeister.de\/en\/links\/\" \/>\n<meta property=\"og:locale\" content=\"en_US\" \/>\n<meta property=\"og:type\" content=\"article\" \/>\n<meta property=\"og:title\" content=\"Links - KuchenMeister\" \/>\n<meta property=\"og:url\" content=\"https:\/\/kuchenmeister.de\/en\/links\/\" \/>\n<meta property=\"og:site_name\" content=\"KuchenMeister\" \/>\n<meta property=\"article:modified_time\" content=\"2025-03-27T19:53:07+00:00\" \/>\n<meta name=\"twitter:card\" content=\"summary_large_image\" \/>\n<script type=\"application\/ld+json\" class=\"yoast-schema-graph\">{\"@context\":\"https:\/\/schema.org\",\"@graph\":[{\"@type\":\"WebPage\",\"@id\":\"https:\/\/kuchenmeister.de\/links\/\",\"url\":\"https:\/\/kuchenmeister.de\/links\/\",\"name\":\"Links - KuchenMeister\",\"isPartOf\":{\"@id\":\"https:\/\/kuchenmeister.de\/#website\"},\"datePublished\":\"2025-03-27T08:42:53+00:00\",\"dateModified\":\"2025-03-27T19:53:07+00:00\",\"breadcrumb\":{\"@id\":\"https:\/\/kuchenmeister.de\/links\/#breadcrumb\"},\"inLanguage\":\"en-US\",\"potentialAction\":[{\"@type\":\"ReadAction\",\"target\":[\"https:\/\/kuchenmeister.de\/links\/\"]}]},{\"@type\":\"BreadcrumbList\",\"@id\":\"https:\/\/kuchenmeister.de\/links\/#breadcrumb\",\"itemListElement\":[{\"@type\":\"ListItem\",\"position\":1,\"name\":\"Start\",\"item\":\"https:\/\/kuchenmeister.de\/\"},{\"@type\":\"ListItem\",\"position\":2,\"name\":\"Links\"}]},{\"@type\":\"WebSite\",\"@id\":\"https:\/\/kuchenmeister.de\/#website\",\"url\":\"https:\/\/kuchenmeister.de\/\",\"name\":\"KuchenMeister\",\"description\":\"Backen ist unsere Liebe | Mit Qualit\u00e4t &amp; Nachhaltigkeit\",\"potentialAction\":[{\"@type\":\"SearchAction\",\"target\":{\"@type\":\"EntryPoint\",\"urlTemplate\":\"https:\/\/kuchenmeister.de\/?s={search_term_string}\"},\"query-input\":{\"@type\":\"PropertyValueSpecification\",\"valueRequired\":true,\"valueName\":\"search_term_string\"}}],\"inLanguage\":\"en-US\"}]}<\/script>\n<!-- \/ Yoast SEO plugin. -->","yoast_head_json":{"title":"Links - KuchenMeister","robots":{"index":"index","follow":"follow","max-snippet":"max-snippet:-1","max-image-preview":"max-image-preview:large","max-video-preview":"max-video-preview:-1"},"canonical":"https:\/\/kuchenmeister.de\/en\/links\/","og_locale":"en_US","og_type":"article","og_title":"Links - KuchenMeister","og_url":"https:\/\/kuchenmeister.de\/en\/links\/","og_site_name":"KuchenMeister","article_modified_time":"2025-03-27T19:53:07+00:00","twitter_card":"summary_large_image","schema":{"@context":"https:\/\/schema.org","@graph":[{"@type":"WebPage","@id":"https:\/\/kuchenmeister.de\/links\/","url":"https:\/\/kuchenmeister.de\/links\/","name":"Links - KuchenMeister","isPartOf":{"@id":"https:\/\/kuchenmeister.de\/#website"},"datePublished":"2025-03-27T08:42:53+00:00","dateModified":"2025-03-27T19:53:07+00:00","breadcrumb":{"@id":"https:\/\/kuchenmeister.de\/links\/#breadcrumb"},"inLanguage":"en-US","potentialAction":[{"@type":"ReadAction","target":["https:\/\/kuchenmeister.de\/links\/"]}]},{"@type":"BreadcrumbList","@id":"https:\/\/kuchenmeister.de\/links\/#breadcrumb","itemListElement":[{"@type":"ListItem","position":1,"name":"Start","item":"https:\/\/kuchenmeister.de\/"},{"@type":"ListItem","position":2,"name":"Links"}]},{"@type":"WebSite","@id":"https:\/\/kuchenmeister.de\/#website","url":"https:\/\/kuchenmeister.de\/","name":"KuchenMeister","description":"Backen ist unsere Liebe | Mit Qualit\u00e4t &amp; Nachhaltigkeit","potentialAction":[{"@type":"SearchAction","target":{"@type":"EntryPoint","urlTemplate":"https:\/\/kuchenmeister.de\/?s={search_term_string}"},"query-input":{"@type":"PropertyValueSpecification","valueRequired":true,"valueName":"search_term_string"}}],"inLanguage":"en-US"}]}},"_links":{"self":[{"href":"https:\/\/kuchenmeister.de\/en\/wp-json\/wp\/v2\/pages\/11571","targetHints":{"allow":["GET"]}}],"collection":[{"href":"https:\/\/kuchenmeister.de\/en\/wp-json\/wp\/v2\/pages"}],"about":[{"href":"https:\/\/kuchenmeister.de\/en\/wp-json\/wp\/v2\/types\/page"}],"author":[{"embeddable":true,"href":"https:\/\/kuchenmeister.de\/en\/wp-json\/wp\/v2\/users\/1"}],"replies":[{"embeddable":true,"href":"https:\/\/kuchenmeister.de\/en\/wp-json\/wp\/v2\/comments?post=11571"}],"version-history":[{"count":7,"href":"https:\/\/kuchenmeister.de\/en\/wp-json\/wp\/v2\/pages\/11571\/revisions"}],"predecessor-version":[{"id":11662,"href":"https:\/\/kuchenmeister.de\/en\/wp-json\/wp\/v2\/pages\/11571\/revisions\/11662"}],"wp:attachment":[{"href":"https:\/\/kuchenmeister.de\/en\/wp-json\/wp\/v2\/media?parent=11571"}],"curies":[{"name":"wp","href":"https:\/\/api.w.org\/{rel}","templated":true}]}}